{"id":15705,"date":"2024-05-24T15:48:24","date_gmt":"2024-05-24T15:48:24","guid":{"rendered":"https:\/\/01.webmagicpixel.com\/?page_id=15705"},"modified":"2024-08-09T21:42:51","modified_gmt":"2024-08-09T21:42:51","slug":"gradjevina","status":"publish","type":"page","link":"https:\/\/consoptionsgroup.com\/en\/gradjevina\/","title":{"rendered":"Construction"},"content":{"rendered":"<div data-elementor-type=\"wp-page\" data-elementor-id=\"15705\" class=\"elementor elementor-15705\" data-elementor-post-type=\"page\">\n\t\t\t\t<div class=\"elementor-element elementor-element-6036f11 e-con-full wd-section-stretch e-flex e-con e-parent\" data-id=\"6036f11\" data-element_type=\"container\" data-settings=\"{&quot;background_background&quot;:&quot;classic&quot;}\">\n\t\t\t\t<\/div>\n\t\t<div class=\"wd-negative-gap elementor-element elementor-element-410214e e-flex e-con-boxed e-con e-parent\" data-id=\"410214e\" data-element_type=\"container\">\n\t\t\t\t\t<div class=\"e-con-inner\">\n\t\t\t\t<div class=\"elementor-element elementor-element-e90e399 wd-width-100 elementor-widget elementor-widget-wd_title\" data-id=\"e90e399\" data-element_type=\"widget\" data-widget_type=\"wd_title.default\">\n\t\t\t\t<div class=\"elementor-widget-container\">\n\t\t\t\t\t<div class=\"title-wrapper set-mb-s reset-last-child wd-title-color-default wd-title-style-default wd-title-size-default text-left\">\n\n\t\t\t\n\t\t\t<div class=\"liner-continer\">\n\t\t\t\t<h1 class=\"woodmart-title-container title wd-fontsize-l\">Construction<\/h1> \n\t\t\t\t\t\t\t<\/div>\n\n\t\t\t\t\t\t\t<div class=\"title-after_title set-cont-mb-s reset-last-child wd-fontsize-xs\">\n\t\t\t\t\t<p>Cons. Options Group doo, through its international network of companies, actively and very successfully deals with business in the field of the construction industry. The group is actively present on the markets of Slovenia, Austria and Germany, where it carries out very demanding architectural projects of the highest class.<\/p><p><\/p><p><b>The group has all the necessary human and technical resources for the design, supervision, management and execution of the most demanding contemporary architecture projects.<\/b><\/p><p><\/p><p>Cons. Options Group doo continuously follows the trends in architecture and construction operations and continuously innovates its processes and technical solutions in accordance with the trends. In the process of managing large architectural projects, the Group uses state-of-the-art software that enables each project to be a special signature of the Group on the market where it is present.<\/p><p><\/p><p>The Group's business philosophy, its commitment to projects and the top quality of implementation have determined the Group to be a reliable partner of the largest European investors in the construction industry.<\/p>\t\t\t\t<\/div>\n\t\t\t\t\t<\/div>\n\t\t\t\t<\/div>\n\t\t\t\t<\/div>\n\t\t\t\t\t<\/div>\n\t\t\t\t<\/div>\n\t\t<div class=\"wd-negative-gap elementor-element elementor-element-97464db e-flex e-con-boxed e-con e-parent\" data-id=\"97464db\" data-element_type=\"container\">\n\t\t\t\t\t<div class=\"e-con-inner\">\n\t\t<div class=\"elementor-element elementor-element-ef811f2 e-con-full e-flex e-con e-child\" data-id=\"ef811f2\" data-element_type=\"container\">\n\t\t\t\t<div class=\"elementor-element elementor-element-5c0494b elementor-widget elementor-widget-wd_image_or_svg\" data-id=\"5c0494b\" data-element_type=\"widget\" data-widget_type=\"wd_image_or_svg.default\">\n\t\t\t\t<div class=\"elementor-widget-container\">\n\t\t\t\n\t\t<div class=\"wd-image text-left\">\n\t\t\t\t\t\t\t\t<img fetchpriority=\"high\" decoding=\"async\" width=\"306\" height=\"226\" src=\"https:\/\/consoptionsgroup.com\/wp-content\/uploads\/2024\/05\/izvodjenje-radova.webp\" class=\"attachment-full size-full\" alt=\"\" srcset=\"https:\/\/consoptionsgroup.com\/wp-content\/uploads\/2024\/05\/izvodjenje-radova.webp 306w, https:\/\/consoptionsgroup.com\/wp-content\/uploads\/2024\/05\/izvodjenje-radova-150x111.webp 150w\" sizes=\"(max-width: 306px) 100vw, 306px\" \/>\t\t\t\t\t<\/div>\n\n\t\t\t\t<\/div>\n\t\t\t\t<\/div>\n\t\t\t\t<div class=\"elementor-element elementor-element-ff77fb9 wd-width-100 elementor-widget elementor-widget-wd_title\" data-id=\"ff77fb9\" data-element_type=\"widget\" data-widget_type=\"wd_title.default\">\n\t\t\t\t<div class=\"elementor-widget-container\">\n\t\t\t\t\t<div class=\"title-wrapper set-mb-s reset-last-child wd-title-color-default wd-title-style-default wd-title-size-medium text-left\">\n\n\t\t\t\n\t\t\t<div class=\"liner-continer\">\n\t\t\t\t<h4 class=\"woodmart-title-container title wd-fontsize-xl\">Execution of works<\/h4> \n\t\t\t\t\t\t\t<\/div>\n\n\t\t\t\t\t\t\t<div class=\"title-after_title set-cont-mb-s reset-last-child wd-fontsize-s\">\n\t\t\t\t\tServices in the field of performance<br>construction works in new buildings,<br>adaptation and reconstrction of buildings.\t\t\t\t<\/div>\n\t\t\t\t\t<\/div>\n\t\t\t\t<\/div>\n\t\t\t\t<\/div>\n\t\t\t\t<\/div>\n\t\t<div class=\"elementor-element elementor-element-33e1fd3 e-con-full e-flex e-con e-child\" data-id=\"33e1fd3\" data-element_type=\"container\">\n\t\t\t\t<div class=\"elementor-element elementor-element-209b516 elementor-widget elementor-widget-wd_image_or_svg\" data-id=\"209b516\" data-element_type=\"widget\" data-widget_type=\"wd_image_or_svg.default\">\n\t\t\t\t<div class=\"elementor-widget-container\">\n\t\t\t\n\t\t<div class=\"wd-image text-left\">\n\t\t\t\t\t\t\t\t<img decoding=\"async\" width=\"306\" height=\"226\" src=\"https:\/\/consoptionsgroup.com\/wp-content\/uploads\/2024\/05\/kljuc-u-ruke.webp\" class=\"attachment-full size-full\" alt=\"\" srcset=\"https:\/\/consoptionsgroup.com\/wp-content\/uploads\/2024\/05\/kljuc-u-ruke.webp 306w, https:\/\/consoptionsgroup.com\/wp-content\/uploads\/2024\/05\/kljuc-u-ruke-150x111.webp 150w\" sizes=\"(max-width: 306px) 100vw, 306px\" \/>\t\t\t\t\t<\/div>\n\n\t\t\t\t<\/div>\n\t\t\t\t<\/div>\n\t\t\t\t<div class=\"elementor-element elementor-element-9972ee2 wd-width-100 elementor-widget elementor-widget-wd_title\" data-id=\"9972ee2\" data-element_type=\"widget\" data-widget_type=\"wd_title.default\">\n\t\t\t\t<div class=\"elementor-widget-container\">\n\t\t\t\t\t<div class=\"title-wrapper set-mb-s reset-last-child wd-title-color-default wd-title-style-default wd-title-size-medium text-left\">\n\n\t\t\t\n\t\t\t<div class=\"liner-continer\">\n\t\t\t\t<h4 class=\"woodmart-title-container title wd-fontsize-xl\">Turnkey<\/h4> \n\t\t\t\t\t\t\t<\/div>\n\n\t\t\t\t\t\t\t<div class=\"title-after_title set-cont-mb-s reset-last-child wd-fontsize-s\">\n\t\t\t\t\tResidential and commercial construction services<br>facilities according to the \"turnkey\" system for<br>individual investors. \t\t\t\t<\/div>\n\t\t\t\t\t<\/div>\n\t\t\t\t<\/div>\n\t\t\t\t<\/div>\n\t\t\t\t<\/div>\n\t\t<div class=\"elementor-element elementor-element-ed1994a e-con-full e-flex e-con e-child\" data-id=\"ed1994a\" data-element_type=\"container\">\n\t\t\t\t<div class=\"elementor-element elementor-element-46a4497 elementor-widget elementor-widget-wd_image_or_svg\" data-id=\"46a4497\" data-element_type=\"widget\" data-widget_type=\"wd_image_or_svg.default\">\n\t\t\t\t<div class=\"elementor-widget-container\">\n\t\t\t\n\t\t<div class=\"wd-image text-left\">\n\t\t\t\t\t\t\t\t<img decoding=\"async\" width=\"306\" height=\"226\" src=\"https:\/\/consoptionsgroup.com\/wp-content\/uploads\/2024\/05\/project-management.webp\" class=\"attachment-full size-full\" alt=\"\" srcset=\"https:\/\/consoptionsgroup.com\/wp-content\/uploads\/2024\/05\/project-management.webp 306w, https:\/\/consoptionsgroup.com\/wp-content\/uploads\/2024\/05\/project-management-150x111.webp 150w\" sizes=\"(max-width: 306px) 100vw, 306px\" \/>\t\t\t\t\t<\/div>\n\n\t\t\t\t<\/div>\n\t\t\t\t<\/div>\n\t\t\t\t<div class=\"elementor-element elementor-element-7443320 wd-width-100 elementor-widget elementor-widget-wd_title\" data-id=\"7443320\" data-element_type=\"widget\" data-widget_type=\"wd_title.default\">\n\t\t\t\t<div class=\"elementor-widget-container\">\n\t\t\t\t\t<div class=\"title-wrapper set-mb-s reset-last-child wd-title-color-default wd-title-style-default wd-title-size-medium text-left\">\n\n\t\t\t\n\t\t\t<div class=\"liner-continer\">\n\t\t\t\t<h4 class=\"woodmart-title-container title wd-fontsize-xl\">Project managment<\/h4> \n\t\t\t\t\t\t\t<\/div>\n\n\t\t\t\t\t\t\t<div class=\"title-after_title set-cont-mb-s reset-last-child wd-fontsize-s\">\n\t\t\t\t\tServices in managing complete projects<br>construction - from the ideal solution to<br>complete construction of the building.\t\t\t\t<\/div>\n\t\t\t\t\t<\/div>\n\t\t\t\t<\/div>\n\t\t\t\t<\/div>\n\t\t\t\t<\/div>\n\t\t\t\t\t<\/div>\n\t\t\t\t<\/div>\n\t\t\t\t<\/div>","protected":false},"excerpt":{"rendered":"<p>Gra\u0111evinarstvo Cons. Options Group d.o.o. se preko svoje me\u0111unarodne mre\u017ee kompanija aktivno i veoma uspe\u0161no bavi poslovima iz domena gra\u0111evinske<\/p>","protected":false},"author":1,"featured_media":0,"parent":0,"menu_order":0,"comment_status":"closed","ping_status":"closed","template":"","meta":{"footnotes":""},"class_list":["post-15705","page","type-page","status-publish","hentry"],"_links":{"self":[{"href":"https:\/\/consoptionsgroup.com\/en\/wp-json\/wp\/v2\/pages\/15705","targetHints":{"allow":["GET"]}}],"collection":[{"href":"https:\/\/consoptionsgroup.com\/en\/wp-json\/wp\/v2\/pages"}],"about":[{"href":"https:\/\/consoptionsgroup.com\/en\/wp-json\/wp\/v2\/types\/page"}],"author":[{"embeddable":true,"href":"https:\/\/consoptionsgroup.com\/en\/wp-json\/wp\/v2\/users\/1"}],"replies":[{"embeddable":true,"href":"https:\/\/consoptionsgroup.com\/en\/wp-json\/wp\/v2\/comments?post=15705"}],"version-history":[{"count":22,"href":"https:\/\/consoptionsgroup.com\/en\/wp-json\/wp\/v2\/pages\/15705\/revisions"}],"predecessor-version":[{"id":16068,"href":"https:\/\/consoptionsgroup.com\/en\/wp-json\/wp\/v2\/pages\/15705\/revisions\/16068"}],"wp:attachment":[{"href":"https:\/\/consoptionsgroup.com\/en\/wp-json\/wp\/v2\/media?parent=15705"}],"curies":[{"name":"wp","href":"https:\/\/api.w.org\/{rel}","templated":true}]}}