{"id":15719,"date":"2024-05-24T16:18:27","date_gmt":"2024-05-24T16:18:27","guid":{"rendered":"https:\/\/01.webmagicpixel.com\/?page_id=15719"},"modified":"2024-08-10T09:31:27","modified_gmt":"2024-08-10T09:31:27","slug":"trgovina","status":"publish","type":"page","link":"https:\/\/consoptionsgroup.com\/en\/trgovina\/","title":{"rendered":"Trade"},"content":{"rendered":"<div data-elementor-type=\"wp-page\" data-elementor-id=\"15719\" class=\"elementor elementor-15719\" data-elementor-post-type=\"page\">\n\t\t\t\t<div class=\"elementor-element elementor-element-57a644d e-con-full wd-section-stretch e-flex e-con e-parent\" data-id=\"57a644d\" data-element_type=\"container\" data-settings=\"{&quot;background_background&quot;:&quot;classic&quot;}\">\n\t\t\t\t<\/div>\n\t\t<div class=\"wd-negative-gap elementor-element elementor-element-771aa27 e-flex e-con-boxed e-con e-parent\" data-id=\"771aa27\" data-element_type=\"container\">\n\t\t\t\t\t<div class=\"e-con-inner\">\n\t\t\t\t<div class=\"elementor-element elementor-element-6d4a416 wd-width-100 elementor-widget elementor-widget-wd_title\" data-id=\"6d4a416\" data-element_type=\"widget\" data-widget_type=\"wd_title.default\">\n\t\t\t\t<div class=\"elementor-widget-container\">\n\t\t\t\t\t<div class=\"title-wrapper set-mb-s reset-last-child wd-title-color-default wd-title-style-default wd-title-size-default text-left\">\n\n\t\t\t\n\t\t\t<div class=\"liner-continer\">\n\t\t\t\t<h1 class=\"woodmart-title-container title wd-fontsize-l\">Trade<\/h1> \n\t\t\t\t\t\t\t<\/div>\n\n\t\t\t\t\t\t\t<div class=\"title-after_title set-cont-mb-s reset-last-child wd-fontsize-xs\">\n\t\t\t\t\t<p>Cons. Options Group d.o.o. u okviru svojih poslovnih aktivnosti pokriva i segment trgovine. Grupa trguje sa materijalima i elementima namenjenim grubim i zavr\u0161nim gra\u0111evinskim radovima. Svoju delatnost u segmentu trgovine pro\u0161irila je na metale i ulja neophodna za proizvodnju hrane.<br \/><br \/>\u200bJedna od klju\u010dnih vrednosti Cons. Options Group d.o.o. je inovativnost. Vo\u0111ena ovom vredno\u0161\u0107u Grupa kontinuirano preduzima aktivnosti koje omogu\u0107avaju na\u0161im poslovnim partnerima pristup najsavremenijim i najkvalitetnijim materijalima i proizvodima.<\/p>\t\t\t\t<\/div>\n\t\t\t\t\t<\/div>\n\t\t\t\t<\/div>\n\t\t\t\t<\/div>\n\t\t\t\t\t<\/div>\n\t\t\t\t<\/div>\n\t\t<div class=\"wd-negative-gap elementor-element elementor-element-f3b1bbc e-flex e-con-boxed e-con e-parent\" data-id=\"f3b1bbc\" data-element_type=\"container\">\n\t\t\t\t\t<div class=\"e-con-inner\">\n\t\t<div class=\"elementor-element elementor-element-2e17457 e-con-full e-flex e-con e-child\" data-id=\"2e17457\" data-element_type=\"container\">\n\t\t\t\t<div class=\"elementor-element elementor-element-d99278c elementor-widget elementor-widget-wd_image_or_svg\" data-id=\"d99278c\" data-element_type=\"widget\" data-widget_type=\"wd_image_or_svg.default\">\n\t\t\t\t<div class=\"elementor-widget-container\">\n\t\t\t\n\t\t<div class=\"wd-image text-left\">\n\t\t\t\t\t\t\t\t<img fetchpriority=\"high\" decoding=\"async\" width=\"306\" height=\"226\" src=\"https:\/\/consoptionsgroup.com\/wp-content\/uploads\/2024\/05\/gradjevinska-industrija.webp\" class=\"attachment-full size-full\" alt=\"\" srcset=\"https:\/\/consoptionsgroup.com\/wp-content\/uploads\/2024\/05\/gradjevinska-industrija.webp 306w, https:\/\/consoptionsgroup.com\/wp-content\/uploads\/2024\/05\/gradjevinska-industrija-150x111.webp 150w\" sizes=\"(max-width: 306px) 100vw, 306px\" \/>\t\t\t\t\t<\/div>\n\n\t\t\t\t<\/div>\n\t\t\t\t<\/div>\n\t\t\t\t<div class=\"elementor-element elementor-element-346f960 wd-width-100 elementor-widget elementor-widget-wd_title\" data-id=\"346f960\" data-element_type=\"widget\" data-widget_type=\"wd_title.default\">\n\t\t\t\t<div class=\"elementor-widget-container\">\n\t\t\t\t\t<div class=\"title-wrapper set-mb-s reset-last-child wd-title-color-default wd-title-style-default wd-title-size-medium text-left\">\n\n\t\t\t\n\t\t\t<div class=\"liner-continer\">\n\t\t\t\t<h4 class=\"woodmart-title-container title wd-fontsize-xl\">Construcion industry<\/h4> \n\t\t\t\t\t\t\t<\/div>\n\n\t\t\t\t\t\t\t<div class=\"title-after_title set-cont-mb-s reset-last-child wd-fontsize-s\">\n\t\t\t\t\tOffering the most modern materials and<br>of ready-made concrete structures for<br>execution of rough construction works \t\t\t\t<\/div>\n\t\t\t\t\t<\/div>\n\t\t\t\t<\/div>\n\t\t\t\t<\/div>\n\t\t\t\t<\/div>\n\t\t<div class=\"elementor-element elementor-element-7f1fbb4 e-con-full e-flex e-con e-child\" data-id=\"7f1fbb4\" data-element_type=\"container\">\n\t\t\t\t<div class=\"elementor-element elementor-element-3e0bde4 elementor-widget elementor-widget-wd_image_or_svg\" data-id=\"3e0bde4\" data-element_type=\"widget\" data-widget_type=\"wd_image_or_svg.default\">\n\t\t\t\t<div class=\"elementor-widget-container\">\n\t\t\t\n\t\t<div class=\"wd-image text-left\">\n\t\t\t\t\t\t\t\t<img decoding=\"async\" width=\"306\" height=\"226\" src=\"https:\/\/consoptionsgroup.com\/wp-content\/uploads\/2024\/05\/metalna-industrija.webp\" class=\"attachment-full size-full\" alt=\"\" srcset=\"https:\/\/consoptionsgroup.com\/wp-content\/uploads\/2024\/05\/metalna-industrija.webp 306w, https:\/\/consoptionsgroup.com\/wp-content\/uploads\/2024\/05\/metalna-industrija-150x111.webp 150w\" sizes=\"(max-width: 306px) 100vw, 306px\" \/>\t\t\t\t\t<\/div>\n\n\t\t\t\t<\/div>\n\t\t\t\t<\/div>\n\t\t\t\t<div class=\"elementor-element elementor-element-a08473f wd-width-100 elementor-widget elementor-widget-wd_title\" data-id=\"a08473f\" data-element_type=\"widget\" data-widget_type=\"wd_title.default\">\n\t\t\t\t<div class=\"elementor-widget-container\">\n\t\t\t\t\t<div class=\"title-wrapper set-mb-s reset-last-child wd-title-color-default wd-title-style-default wd-title-size-medium text-left\">\n\n\t\t\t\n\t\t\t<div class=\"liner-continer\">\n\t\t\t\t<h4 class=\"woodmart-title-container title wd-fontsize-xl\">Metal industry<\/h4> \n\t\t\t\t\t\t\t<\/div>\n\n\t\t\t\t\t\t\t<div class=\"title-after_title set-cont-mb-s reset-last-child wd-fontsize-s\">\n\t\t\t\t\tOffer of aluminum and other metals for<br>different segments of the metal industry.\t\t\t\t<\/div>\n\t\t\t\t\t<\/div>\n\t\t\t\t<\/div>\n\t\t\t\t<\/div>\n\t\t\t\t<\/div>\n\t\t<div class=\"elementor-element elementor-element-035fcb9 e-con-full e-flex e-con e-child\" data-id=\"035fcb9\" data-element_type=\"container\">\n\t\t\t\t<div class=\"elementor-element elementor-element-627a242 elementor-widget elementor-widget-wd_image_or_svg\" data-id=\"627a242\" data-element_type=\"widget\" data-widget_type=\"wd_image_or_svg.default\">\n\t\t\t\t<div class=\"elementor-widget-container\">\n\t\t\t\n\t\t<div class=\"wd-image text-left\">\n\t\t\t\t\t\t\t\t<img decoding=\"async\" width=\"306\" height=\"226\" src=\"https:\/\/consoptionsgroup.com\/wp-content\/uploads\/2024\/05\/prehrambena-industrija.webp\" class=\"attachment-full size-full\" alt=\"\" srcset=\"https:\/\/consoptionsgroup.com\/wp-content\/uploads\/2024\/05\/prehrambena-industrija.webp 306w, https:\/\/consoptionsgroup.com\/wp-content\/uploads\/2024\/05\/prehrambena-industrija-150x111.webp 150w\" sizes=\"(max-width: 306px) 100vw, 306px\" \/>\t\t\t\t\t<\/div>\n\n\t\t\t\t<\/div>\n\t\t\t\t<\/div>\n\t\t\t\t<div class=\"elementor-element elementor-element-d978fdf wd-width-100 elementor-widget elementor-widget-wd_title\" data-id=\"d978fdf\" data-element_type=\"widget\" data-widget_type=\"wd_title.default\">\n\t\t\t\t<div class=\"elementor-widget-container\">\n\t\t\t\t\t<div class=\"title-wrapper set-mb-s reset-last-child wd-title-color-default wd-title-style-default wd-title-size-medium text-left\">\n\n\t\t\t\n\t\t\t<div class=\"liner-continer\">\n\t\t\t\t<h4 class=\"woodmart-title-container title wd-fontsize-xl\">Food industry<\/h4> \n\t\t\t\t\t\t\t<\/div>\n\n\t\t\t\t\t\t\t<div class=\"title-after_title set-cont-mb-s reset-last-child wd-fontsize-s\">\n\t\t\t\t\tDistribution of raw materials for food production.\t\t\t\t<\/div>\n\t\t\t\t\t<\/div>\n\t\t\t\t<\/div>\n\t\t\t\t<\/div>\n\t\t\t\t<\/div>\n\t\t\t\t\t<\/div>\n\t\t\t\t<\/div>\n\t\t\t\t<\/div>","protected":false},"excerpt":{"rendered":"<p>Trgovina Cons. Options Group d.o.o. u okviru svojih poslovnih aktivnosti pokriva i segment trgovine. Grupa trguje sa materijalima i elementima<\/p>","protected":false},"author":1,"featured_media":0,"parent":0,"menu_order":0,"comment_status":"closed","ping_status":"closed","template":"","meta":{"footnotes":""},"class_list":["post-15719","page","type-page","status-publish","hentry"],"_links":{"self":[{"href":"https:\/\/consoptionsgroup.com\/en\/wp-json\/wp\/v2\/pages\/15719","targetHints":{"allow":["GET"]}}],"collection":[{"href":"https:\/\/consoptionsgroup.com\/en\/wp-json\/wp\/v2\/pages"}],"about":[{"href":"https:\/\/consoptionsgroup.com\/en\/wp-json\/wp\/v2\/types\/page"}],"author":[{"embeddable":true,"href":"https:\/\/consoptionsgroup.com\/en\/wp-json\/wp\/v2\/users\/1"}],"replies":[{"embeddable":true,"href":"https:\/\/consoptionsgroup.com\/en\/wp-json\/wp\/v2\/comments?post=15719"}],"version-history":[{"count":22,"href":"https:\/\/consoptionsgroup.com\/en\/wp-json\/wp\/v2\/pages\/15719\/revisions"}],"predecessor-version":[{"id":16080,"href":"https:\/\/consoptionsgroup.com\/en\/wp-json\/wp\/v2\/pages\/15719\/revisions\/16080"}],"wp:attachment":[{"href":"https:\/\/consoptionsgroup.com\/en\/wp-json\/wp\/v2\/media?parent=15719"}],"curies":[{"name":"wp","href":"https:\/\/api.w.org\/{rel}","templated":true}]}}